{"id":162,"date":"2017-11-20T13:52:30","date_gmt":"2017-11-20T12:52:30","guid":{"rendered":"https:\/\/trachtenkapelle-strittmatt.de\/WordPress_03\/?page_id=162"},"modified":"2018-03-01T16:41:23","modified_gmt":"2018-03-01T15:41:23","slug":"musiker","status":"publish","type":"page","link":"https:\/\/trachtenkapelle-strittmatt.de\/WordPress_03\/der-verein\/musiker\/","title":{"rendered":"Die Musiker"},"content":{"rendered":"<div id=\"metaslider-id-220\" style=\"width: 100%;\" class=\"ml-slider-3-109-0 metaslider metaslider-flex metaslider-220 ml-slider ms-theme-default nav-hidden\" role=\"region\" aria-label=\"Die Musiker\" data-height=\"300\" data-width=\"700\">\n    <div id=\"metaslider_container_220\">\n        <div id=\"metaslider_220\" class=\"flexslider\">\n            <ul class='slides'>\n                <li style=\"display: block; width: 100%;\" class=\"slide-376 ms-image \" aria-roledescription=\"slide\" data-date=\"2018-07-04 15:45:59\" data-filename=\"dirigent-1-e1520867159841.jpg\" data-slide-type=\"image\"><img loading=\"lazy\" decoding=\"async\" width=\"100\" height=\"67\" src=\"https:\/\/trachtenkapelle-strittmatt.de\/WordPress_03\/wp-content\/uploads\/2018\/03\/dirigent-1-e1520867159841.jpg\" class=\"slider-220 slide-376 msDefaultImage\" alt=\"\" rel=\"\" title=\"\" style=\"margin: 0 auto; width: 63.965884861407%\" \/><div class=\"caption-wrap\"><div class=\"caption\">Unser Dirigent Haymo Brugger<\/div><\/div><\/li>\n                <li style=\"display: none; width: 100%;\" class=\"slide-267 ms-image \" aria-roledescription=\"slide\" data-date=\"2018-02-27 16:40:48\" data-filename=\"faehnrich.jpg\" data-slide-type=\"image\"><img loading=\"lazy\" decoding=\"async\" width=\"900\" height=\"600\" src=\"https:\/\/trachtenkapelle-strittmatt.de\/WordPress_03\/wp-content\/uploads\/2018\/02\/faehnrich.jpg\" class=\"slider-220 slide-267 msDefaultImage\" alt=\"\" rel=\"\" title=\"\" style=\"margin: 0 auto; width: 64.285714285714%\" srcset=\"https:\/\/trachtenkapelle-strittmatt.de\/WordPress_03\/wp-content\/uploads\/2018\/02\/faehnrich.jpg 900w, https:\/\/trachtenkapelle-strittmatt.de\/WordPress_03\/wp-content\/uploads\/2018\/02\/faehnrich-300x200.jpg 300w, https:\/\/trachtenkapelle-strittmatt.de\/WordPress_03\/wp-content\/uploads\/2018\/02\/faehnrich-768x512.jpg 768w, https:\/\/trachtenkapelle-strittmatt.de\/WordPress_03\/wp-content\/uploads\/2018\/02\/faehnrich-272x182.jpg 272w\" sizes=\"auto, (max-width: 900px) 100vw, 900px\" \/><div class=\"caption-wrap\"><div class=\"caption\">Unser F\u00e4hnrich Christof Stoll<\/div><\/div><\/li>\n                <li style=\"display: none; width: 100%;\" class=\"slide-378 ms-image \" aria-roledescription=\"slide\" data-date=\"2018-07-04 15:50:51\" data-filename=\"fluegelhoerner_michi.jpg\" data-slide-type=\"image\"><img loading=\"lazy\" decoding=\"async\" width=\"900\" height=\"600\" src=\"https:\/\/trachtenkapelle-strittmatt.de\/WordPress_03\/wp-content\/uploads\/2018\/07\/fluegelhoerner_michi.jpg\" class=\"slider-220 slide-378 msDefaultImage\" alt=\"\" rel=\"\" title=\"\" style=\"margin: 0 auto; width: 64.285714285714%\" srcset=\"https:\/\/trachtenkapelle-strittmatt.de\/WordPress_03\/wp-content\/uploads\/2018\/07\/fluegelhoerner_michi.jpg 900w, https:\/\/trachtenkapelle-strittmatt.de\/WordPress_03\/wp-content\/uploads\/2018\/07\/fluegelhoerner_michi-300x200.jpg 300w, https:\/\/trachtenkapelle-strittmatt.de\/WordPress_03\/wp-content\/uploads\/2018\/07\/fluegelhoerner_michi-768x512.jpg 768w, https:\/\/trachtenkapelle-strittmatt.de\/WordPress_03\/wp-content\/uploads\/2018\/07\/fluegelhoerner_michi-272x182.jpg 272w\" sizes=\"auto, (max-width: 900px) 100vw, 900px\" \/><div class=\"caption-wrap\"><div class=\"caption\">Thomas Strittmatter, Stefan Stoll, Michael Prei\u00dfer, Theresa Baumgartner, Martin Wasmer, Thomas Matt<\/div><\/div><\/li>\n                <li style=\"display: none; width: 100%;\" class=\"slide-264 ms-image \" aria-roledescription=\"slide\" data-date=\"2018-02-27 16:40:48\" data-filename=\"saxophon.jpg\" data-slide-type=\"image\"><img loading=\"lazy\" decoding=\"async\" width=\"900\" height=\"600\" src=\"https:\/\/trachtenkapelle-strittmatt.de\/WordPress_03\/wp-content\/uploads\/2018\/02\/saxophon.jpg\" class=\"slider-220 slide-264 msDefaultImage\" alt=\"\" rel=\"\" title=\"\" style=\"margin: 0 auto; width: 64.285714285714%\" srcset=\"https:\/\/trachtenkapelle-strittmatt.de\/WordPress_03\/wp-content\/uploads\/2018\/02\/saxophon.jpg 900w, https:\/\/trachtenkapelle-strittmatt.de\/WordPress_03\/wp-content\/uploads\/2018\/02\/saxophon-300x200.jpg 300w, https:\/\/trachtenkapelle-strittmatt.de\/WordPress_03\/wp-content\/uploads\/2018\/02\/saxophon-768x512.jpg 768w, https:\/\/trachtenkapelle-strittmatt.de\/WordPress_03\/wp-content\/uploads\/2018\/02\/saxophon-272x182.jpg 272w\" sizes=\"auto, (max-width: 900px) 100vw, 900px\" \/><div class=\"caption-wrap\"><div class=\"caption\">Patricia Matt, Ulrich Wasmer, Elke D\u00f6bele, Celine Denz<\/div><\/div><\/li>\n                <li style=\"display: none; width: 100%;\" class=\"slide-285 ms-image \" aria-roledescription=\"slide\" data-date=\"2018-03-01 16:38:45\" data-filename=\"schlagwerk.jpg\" data-slide-type=\"image\"><img loading=\"lazy\" decoding=\"async\" width=\"900\" height=\"600\" src=\"https:\/\/trachtenkapelle-strittmatt.de\/WordPress_03\/wp-content\/uploads\/2018\/03\/schlagwerk.jpg\" class=\"slider-220 slide-285 msDefaultImage\" alt=\"\" rel=\"\" title=\"\" style=\"margin: 0 auto; width: 64.285714285714%\" srcset=\"https:\/\/trachtenkapelle-strittmatt.de\/WordPress_03\/wp-content\/uploads\/2018\/03\/schlagwerk.jpg 900w, https:\/\/trachtenkapelle-strittmatt.de\/WordPress_03\/wp-content\/uploads\/2018\/03\/schlagwerk-300x200.jpg 300w, https:\/\/trachtenkapelle-strittmatt.de\/WordPress_03\/wp-content\/uploads\/2018\/03\/schlagwerk-768x512.jpg 768w, https:\/\/trachtenkapelle-strittmatt.de\/WordPress_03\/wp-content\/uploads\/2018\/03\/schlagwerk-272x182.jpg 272w\" sizes=\"auto, (max-width: 900px) 100vw, 900px\" \/><div class=\"caption-wrap\"><div class=\"caption\">Niklas Wasmer, Tobias Schlegel, Christoph Schmidt, Andreas Schlachter, Matthias Schneider<\/div><\/div><\/li>\n                <li style=\"display: none; width: 100%;\" class=\"slide-269 ms-image \" aria-roledescription=\"slide\" data-date=\"2018-02-27 16:40:48\" data-filename=\"bass_floeten.jpg\" data-slide-type=\"image\"><img loading=\"lazy\" decoding=\"async\" width=\"900\" height=\"600\" src=\"https:\/\/trachtenkapelle-strittmatt.de\/WordPress_03\/wp-content\/uploads\/2018\/02\/bass_floeten.jpg\" class=\"slider-220 slide-269 msDefaultImage\" alt=\"\" rel=\"\" title=\"\" style=\"margin: 0 auto; width: 64.285714285714%\" srcset=\"https:\/\/trachtenkapelle-strittmatt.de\/WordPress_03\/wp-content\/uploads\/2018\/02\/bass_floeten.jpg 900w, https:\/\/trachtenkapelle-strittmatt.de\/WordPress_03\/wp-content\/uploads\/2018\/02\/bass_floeten-300x200.jpg 300w, https:\/\/trachtenkapelle-strittmatt.de\/WordPress_03\/wp-content\/uploads\/2018\/02\/bass_floeten-768x512.jpg 768w, https:\/\/trachtenkapelle-strittmatt.de\/WordPress_03\/wp-content\/uploads\/2018\/02\/bass_floeten-272x182.jpg 272w\" sizes=\"auto, (max-width: 900px) 100vw, 900px\" \/><div class=\"caption-wrap\"><div class=\"caption\">Eva Schmidt, Bernadette Schmidt, Anja Schlegel, Annika Matt, Alina Wasmer, Matthias Stoll (nicht im Bild: Marleen Stoll)<\/div><\/div><\/li>\n                <li style=\"display: none; width: 100%;\" class=\"slide-265 ms-image \" aria-roledescription=\"slide\" data-date=\"2018-02-27 16:40:48\" data-filename=\"klarinetten.jpg\" data-slide-type=\"image\"><img loading=\"lazy\" decoding=\"async\" width=\"900\" height=\"600\" src=\"https:\/\/trachtenkapelle-strittmatt.de\/WordPress_03\/wp-content\/uploads\/2018\/02\/klarinetten.jpg\" class=\"slider-220 slide-265 msDefaultImage\" alt=\"\" rel=\"\" title=\"\" style=\"margin: 0 auto; width: 64.285714285714%\" srcset=\"https:\/\/trachtenkapelle-strittmatt.de\/WordPress_03\/wp-content\/uploads\/2018\/02\/klarinetten.jpg 900w, https:\/\/trachtenkapelle-strittmatt.de\/WordPress_03\/wp-content\/uploads\/2018\/02\/klarinetten-300x200.jpg 300w, https:\/\/trachtenkapelle-strittmatt.de\/WordPress_03\/wp-content\/uploads\/2018\/02\/klarinetten-768x512.jpg 768w, https:\/\/trachtenkapelle-strittmatt.de\/WordPress_03\/wp-content\/uploads\/2018\/02\/klarinetten-272x182.jpg 272w\" sizes=\"auto, (max-width: 900px) 100vw, 900px\" \/><div class=\"caption-wrap\"><div class=\"caption\">Lena Prei\u00dfer, Patricia Matt, Anna Prei\u00dfer, Larissa Modispacher, Petra Schlachter, Maria Sch\u00e4uble, Tamara Stoll<\/div><\/div><\/li>\n                <li style=\"display: none; width: 100%;\" class=\"slide-271 ms-image \" aria-roledescription=\"slide\" data-date=\"2018-02-27 16:55:34\" data-filename=\"tenorhoerner.jpg\" data-slide-type=\"image\"><img loading=\"lazy\" decoding=\"async\" width=\"900\" height=\"600\" src=\"https:\/\/trachtenkapelle-strittmatt.de\/WordPress_03\/wp-content\/uploads\/2018\/02\/tenorhoerner.jpg\" class=\"slider-220 slide-271 msDefaultImage\" alt=\"\" rel=\"\" title=\"\" style=\"margin: 0 auto; width: 64.285714285714%\" srcset=\"https:\/\/trachtenkapelle-strittmatt.de\/WordPress_03\/wp-content\/uploads\/2018\/02\/tenorhoerner.jpg 900w, https:\/\/trachtenkapelle-strittmatt.de\/WordPress_03\/wp-content\/uploads\/2018\/02\/tenorhoerner-300x200.jpg 300w, https:\/\/trachtenkapelle-strittmatt.de\/WordPress_03\/wp-content\/uploads\/2018\/02\/tenorhoerner-768x512.jpg 768w, https:\/\/trachtenkapelle-strittmatt.de\/WordPress_03\/wp-content\/uploads\/2018\/02\/tenorhoerner-272x182.jpg 272w\" sizes=\"auto, (max-width: 900px) 100vw, 900px\" \/><div class=\"caption-wrap\"><div class=\"caption\">Markus Schlegel, Roland Wasmer, Manuel Kaiser, Fabian Kaiser, Andreas Jarusel, Roland Kaiser<\/div><\/div><\/li>\n                <li style=\"display: none; width: 100%;\" class=\"slide-263 ms-image \" aria-roledescription=\"slide\" data-date=\"2018-02-27 16:40:47\" data-filename=\"trompeten.jpg\" data-slide-type=\"image\"><img loading=\"lazy\" decoding=\"async\" width=\"900\" height=\"600\" src=\"https:\/\/trachtenkapelle-strittmatt.de\/WordPress_03\/wp-content\/uploads\/2018\/02\/trompeten.jpg\" class=\"slider-220 slide-263 msDefaultImage\" alt=\"\" rel=\"\" title=\"\" style=\"margin: 0 auto; width: 64.285714285714%\" srcset=\"https:\/\/trachtenkapelle-strittmatt.de\/WordPress_03\/wp-content\/uploads\/2018\/02\/trompeten.jpg 900w, https:\/\/trachtenkapelle-strittmatt.de\/WordPress_03\/wp-content\/uploads\/2018\/02\/trompeten-300x200.jpg 300w, https:\/\/trachtenkapelle-strittmatt.de\/WordPress_03\/wp-content\/uploads\/2018\/02\/trompeten-768x512.jpg 768w, https:\/\/trachtenkapelle-strittmatt.de\/WordPress_03\/wp-content\/uploads\/2018\/02\/trompeten-272x182.jpg 272w\" sizes=\"auto, (max-width: 900px) 100vw, 900px\" \/><div class=\"caption-wrap\"><div class=\"caption\">Marco Stoll, Alexander Kaiser, Michael Stoll, Roland Matt, Ramona Strittmatter<\/div><\/div><\/li>\n                <li style=\"display: none; width: 100%;\" class=\"slide-295 ms-image \" aria-roledescription=\"slide\" data-date=\"2018-03-12 16:01:31\" data-filename=\"waldhoerner.jpg\" data-slide-type=\"image\"><img loading=\"lazy\" decoding=\"async\" width=\"900\" height=\"600\" src=\"https:\/\/trachtenkapelle-strittmatt.de\/WordPress_03\/wp-content\/uploads\/2018\/03\/waldhoerner.jpg\" class=\"slider-220 slide-295 msDefaultImage\" alt=\"\" rel=\"\" title=\"\" style=\"margin: 0 auto; width: 64.285714285714%\" srcset=\"https:\/\/trachtenkapelle-strittmatt.de\/WordPress_03\/wp-content\/uploads\/2018\/03\/waldhoerner.jpg 900w, https:\/\/trachtenkapelle-strittmatt.de\/WordPress_03\/wp-content\/uploads\/2018\/03\/waldhoerner-300x200.jpg 300w, https:\/\/trachtenkapelle-strittmatt.de\/WordPress_03\/wp-content\/uploads\/2018\/03\/waldhoerner-768x512.jpg 768w, https:\/\/trachtenkapelle-strittmatt.de\/WordPress_03\/wp-content\/uploads\/2018\/03\/waldhoerner-272x182.jpg 272w\" sizes=\"auto, (max-width: 900px) 100vw, 900px\" \/><div class=\"caption-wrap\"><div class=\"caption\">Carolin Schneider, Simon D\u00f6bele, Simon Stoll<\/div><\/div><\/li>\n                <li style=\"display: none; width: 100%;\" class=\"slide-331 ms-image \" aria-roledescription=\"slide\" data-date=\"2018-04-18 20:32:09\" data-filename=\"posaunen.jpg\" data-slide-type=\"image\"><img loading=\"lazy\" decoding=\"async\" width=\"900\" height=\"600\" src=\"https:\/\/trachtenkapelle-strittmatt.de\/WordPress_03\/wp-content\/uploads\/2018\/04\/posaunen.jpg\" class=\"slider-220 slide-331 msDefaultImage\" alt=\"\" rel=\"\" title=\"\" style=\"margin: 0 auto; width: 64.285714285714%\" srcset=\"https:\/\/trachtenkapelle-strittmatt.de\/WordPress_03\/wp-content\/uploads\/2018\/04\/posaunen.jpg 900w, https:\/\/trachtenkapelle-strittmatt.de\/WordPress_03\/wp-content\/uploads\/2018\/04\/posaunen-300x200.jpg 300w, https:\/\/trachtenkapelle-strittmatt.de\/WordPress_03\/wp-content\/uploads\/2018\/04\/posaunen-768x512.jpg 768w, https:\/\/trachtenkapelle-strittmatt.de\/WordPress_03\/wp-content\/uploads\/2018\/04\/posaunen-272x182.jpg 272w\" sizes=\"auto, (max-width: 900px) 100vw, 900px\" \/><div class=\"caption-wrap\"><div class=\"caption\">Alexandra Strittmatter, Thomas Kaiser, Leo Albiez, Daniel D\u00f6bele, Jonathan D\u00f6bele, David Kohlbrenner<\/div><\/div><\/li>\n            <\/ul>\n        <\/div>\n        \n    <\/div>\n<\/div>\n<p>&nbsp;<\/p>\n","protected":false},"excerpt":{"rendered":"<p>&nbsp;<\/p>\n","protected":false},"author":1,"featured_media":0,"parent":24,"menu_order":1,"comment_status":"closed","ping_status":"closed","template":"","meta":{"_acf_changed":false,"footnotes":""},"class_list":["post-162","page","type-page","status-publish","hentry"],"acf":[],"_links":{"self":[{"href":"https:\/\/trachtenkapelle-strittmatt.de\/WordPress_03\/wp-json\/wp\/v2\/pages\/162","targetHints":{"allow":["GET"]}}],"collection":[{"href":"https:\/\/trachtenkapelle-strittmatt.de\/WordPress_03\/wp-json\/wp\/v2\/pages"}],"about":[{"href":"https:\/\/trachtenkapelle-strittmatt.de\/WordPress_03\/wp-json\/wp\/v2\/types\/page"}],"author":[{"embeddable":true,"href":"https:\/\/trachtenkapelle-strittmatt.de\/WordPress_03\/wp-json\/wp\/v2\/users\/1"}],"replies":[{"embeddable":true,"href":"https:\/\/trachtenkapelle-strittmatt.de\/WordPress_03\/wp-json\/wp\/v2\/comments?post=162"}],"version-history":[{"count":13,"href":"https:\/\/trachtenkapelle-strittmatt.de\/WordPress_03\/wp-json\/wp\/v2\/pages\/162\/revisions"}],"predecessor-version":[{"id":286,"href":"https:\/\/trachtenkapelle-strittmatt.de\/WordPress_03\/wp-json\/wp\/v2\/pages\/162\/revisions\/286"}],"up":[{"embeddable":true,"href":"https:\/\/trachtenkapelle-strittmatt.de\/WordPress_03\/wp-json\/wp\/v2\/pages\/24"}],"wp:attachment":[{"href":"https:\/\/trachtenkapelle-strittmatt.de\/WordPress_03\/wp-json\/wp\/v2\/media?parent=162"}],"curies":[{"name":"wp","href":"https:\/\/api.w.org\/{rel}","templated":true}]}}