{"id":211,"date":"2017-12-31T15:28:25","date_gmt":"2017-12-31T14:28:25","guid":{"rendered":"https:\/\/trachtenkapelle-strittmatt.de\/WordPress_03\/?page_id=211"},"modified":"2020-07-19T18:53:24","modified_gmt":"2020-07-19T17:53:24","slug":"mach-mit","status":"publish","type":"page","link":"https:\/\/trachtenkapelle-strittmatt.de\/WordPress_03\/mach-mit\/","title":{"rendered":"Mach mit!"},"content":{"rendered":"<p><img loading=\"lazy\" decoding=\"async\" class=\"alignnone size-full wp-image-357\" src=\"https:\/\/trachtenkapelle-strittmatt.de\/WordPress_03\/wp-content\/uploads\/2017\/12\/DSCN1644.jpg\" alt=\"\" width=\"600\" height=\"450\" srcset=\"https:\/\/trachtenkapelle-strittmatt.de\/WordPress_03\/wp-content\/uploads\/2017\/12\/DSCN1644.jpg 600w, https:\/\/trachtenkapelle-strittmatt.de\/WordPress_03\/wp-content\/uploads\/2017\/12\/DSCN1644-300x225.jpg 300w\" sizes=\"auto, (max-width: 600px) 100vw, 600px\" \/><\/p>\n<p>Damit unser Verein auch in Zukunft weiter besteht, ist die Z\u00f6glingsausbildung uns ein wichtiges Anliegen.<\/p>\n<p>Die Ausbildung selbst findet mit anderen Vereinen statt und erm\u00f6glicht so eine qualifizierte Ausbildung bei geringen Beitr\u00e4gen. Die monatlichen Kosten liegen bei 35 Euro. Bei Einzelunterricht k\u00f6nnen die Kosten h\u00f6her liegen. W\u00e4hrend der Ausbildung gibt es Angebote wie beispielsweise das Jugendorchester, um das Zusammenspiel mit anderen Instrumenten mit Gleichaltrigen zu proben.<\/p>\n<p>In der Regel veranstalten wir j\u00e4hrlich vor Ausbildungsbeginn eine Instrumentenvorstellung, bei der die Kinder jedes Instrument ausprobieren k\u00f6nnen. Anschlie\u00dfend d\u00fcrfen die Kinder eine Gesamtprobe erleben und die Musiker zu ihren Instrumenten mit Fragen l\u00f6chern.<\/p>\n<p>Dies kann dieses Jahr leider nicht stattfinden. Gerne k\u00f6nnen Eltern oder Kinder sich aber bei uns melden, wenn Interesse besteht, dann kann ein individueller Termin ausgemacht werden, an dem verschiedene Instrumente ausprobiert werden k\u00f6nnen.<\/p>\n<p>Gerne k\u00f6nnt Ihr uns aber auch unabh\u00e4ngig vom Ausbildungsbeginn ansprechen, wenn Interesse besteht.<\/p>\n<p>Interesse geweckt? Zust\u00e4ndig f\u00fcr alles rund um die Jugendarbeit ist Lena Prei\u00dfer:<\/p>\n<p><a href=\"https:\/\/trachtenkapelle-strittmatt.de\/WordPress_03\/kontakt\/\">Kontaktdaten<\/a><\/p>\n","protected":false},"excerpt":{"rendered":"<p>Damit unser Verein auch in Zukunft weiter besteht, ist die Z\u00f6glingsausbildung uns ein wichtiges Anliegen. Die Ausbildung selbst findet mit anderen Vereinen statt und erm\u00f6glicht so eine qualifizierte Ausbildung bei geringen Beitr\u00e4gen. Die monatlichen Kosten liegen bei 35 Euro. Bei Einzelunterricht k\u00f6nnen die Kosten h\u00f6her liegen. W\u00e4hrend der Ausbildung gibt es Angebote wie beispielsweise das [&hellip;]<\/p>\n","protected":false},"author":1,"featured_media":0,"parent":0,"menu_order":0,"comment_status":"closed","ping_status":"closed","template":"","meta":{"_acf_changed":false,"footnotes":""},"class_list":["post-211","page","type-page","status-publish","hentry"],"acf":[],"_links":{"self":[{"href":"https:\/\/trachtenkapelle-strittmatt.de\/WordPress_03\/wp-json\/wp\/v2\/pages\/211","targetHints":{"allow":["GET"]}}],"collection":[{"href":"https:\/\/trachtenkapelle-strittmatt.de\/WordPress_03\/wp-json\/wp\/v2\/pages"}],"about":[{"href":"https:\/\/trachtenkapelle-strittmatt.de\/WordPress_03\/wp-json\/wp\/v2\/types\/page"}],"author":[{"embeddable":true,"href":"https:\/\/trachtenkapelle-strittmatt.de\/WordPress_03\/wp-json\/wp\/v2\/users\/1"}],"replies":[{"embeddable":true,"href":"https:\/\/trachtenkapelle-strittmatt.de\/WordPress_03\/wp-json\/wp\/v2\/comments?post=211"}],"version-history":[{"count":6,"href":"https:\/\/trachtenkapelle-strittmatt.de\/WordPress_03\/wp-json\/wp\/v2\/pages\/211\/revisions"}],"predecessor-version":[{"id":529,"href":"https:\/\/trachtenkapelle-strittmatt.de\/WordPress_03\/wp-json\/wp\/v2\/pages\/211\/revisions\/529"}],"wp:attachment":[{"href":"https:\/\/trachtenkapelle-strittmatt.de\/WordPress_03\/wp-json\/wp\/v2\/media?parent=211"}],"curies":[{"name":"wp","href":"https:\/\/api.w.org\/{rel}","templated":true}]}}