{"id":24,"date":"2017-06-23T13:11:00","date_gmt":"2017-06-23T13:11:00","guid":{"rendered":"http:\/\/wp.trachtenkapelle-strittmatt.de\/?page_id=24"},"modified":"2018-03-01T16:36:28","modified_gmt":"2018-03-01T15:36:28","slug":"der-verein","status":"publish","type":"page","link":"https:\/\/trachtenkapelle-strittmatt.de\/WordPress_03\/der-verein\/","title":{"rendered":"Der Verein"},"content":{"rendered":"<table class=\"mid\">\n<tbody>\n<tr>\n<td class=\"mid_row\" valign=\"top\">\n<p align=\"left\">Musik und Gesang hatten in Strittmatt stets eine gute Heimat. In einem in Freiburg aufbewahrten Aktenst\u00fcck aus dem 19. Jahrhundert steht der Vermerk: \u201eIm Orte Strittmatt sind die Leute au\u00dfergew\u00f6hnlich begabt in musikalischer Hinsicht.\u201c Dies sind gute Voraussetzungen zur Gr\u00fcndung eines Vereins. So ist es kaum verwunderlich, dass sich in Strittmatt schon fr\u00fch Musikanten zusammenschlossen um gemeinsam zu musizieren.<\/p>\n<p align=\"left\">Dies war die Legung des Grundsteins f\u00fcr die Entstehung des Musikvereins, der sein 150-j\u00e4hriges Bestehen feiern konnte. Dieser lange Zeitraum gibt genug Anlass um einige wichtige Eckpunkte aus unserer Vereinsgeschichte hier aufzuf\u00fchren.<\/p>\n<h6 align=\"left\"><img loading=\"lazy\" decoding=\"async\" src=\"https:\/\/trachtenkapelle-strittmatt.de\/images\/history\/TKS-1926-klein.jpg\" width=\"528\" height=\"310\" \/><\/h6>\n<p align=\"left\"><em>Der Musikverein Strittmatt an Ostern 1926 mit den Erstkommunikanten des Dorfes.<\/em><\/p>\n<p align=\"left\"><b>Gr\u00fcndung 1858<\/b><br \/>\nUm diese Zeit schlossen sich die Strittmatter Blasmusikanten auf einer vereinsm\u00e4\u00dfigen Basis zusammen und umrahmten Kirchenfeste, Hochzeiten und viele andere Feiern und Festen im Ort. <b>Ausgangspunkt des Musiklebens in Strittmatt war die Familie Johann Berger im Unterdorf.<\/b> Johann Berger, der am Anfang Dirigent und Vorsitzender war, schrieb alle Partituren und Noten eigenh\u00e4ndig ab. Sein R\u00fcstzeug f\u00fcr die \u00f6rtliche Dirigentent\u00e4tigkeit hatte er sich vermutlich w\u00e4hrend seiner aktiven Dienstzeit bei der Milit\u00e4rmusik erworben. Zu dieser Zeit geh\u00f6rten alle Instrumente den Musikern selbst.<\/p>\n<p align=\"left\"><b>1861<\/b><br \/>\nIn einem Zeitungsbericht im \u201eAlbbote\u201c wurde die \u201egut organisierte Blechmusik von Strittmatt\u201c, die anl\u00e4sslich der Geburtstagsfeier des Gro\u00dfherzogs Friedrich den Festtag in G\u00f6rwihl musikalisch versch\u00f6nerte, erw\u00e4hnt.<\/p>\n<p align=\"left\"><b>1863<\/b><br \/>\nDie Musiker von Strittmatt wurden in einem weiteren Bericht erw\u00e4hnt, da sie sich an einem Gartenfest, das gemeinsam mit anderen Vereinen in G\u00f6rwihl stattfand, beteiligten.<\/p>\n<p align=\"left\"><b>1891<\/b><br \/>\nDurch Adolf Kaiser erfolgte eine straffe Neuorganisation des Musikvereins Strittmatt. Er stellte neue Statuten auf, welche am 01. Dezember 1891 von zw\u00f6lf aktiven Musikern angenommen wurden. Die instrumentelle Besetzung war zu diesem Zeitpunkt verglichen mit heute sehr d\u00fcrftig und sah wie folgt aus: Es gab zwei Basstrompeten, zwei Alth\u00f6rner, zwei Trompeten, zwei Klarinetten, ein Tenorhorn, ein Schellenbaum und eine Trommel mit Platten. Damals konnte jeder unbescholtene B\u00fcrger Mitglied werden, der sich bereit erkl\u00e4rte ein Musikinstrument und die notwendigen B\u00fccher anzuschaffen. Musikproben fanden zwei Mal w\u00f6chentlich statt. Jedes Mitglied hatte einen Monatsbeitrag von 10 Pfennig zu leisten. Zus\u00e4tzlich wurde das Vers\u00e4umen einer Probe mit einer Bu\u00dfe von 20 Pfennig belegt.<\/p>\n<p align=\"left\"><b>1893<\/b><br \/>\nIn diesem Jahr spielte die \u201ealte Musik\u201c f\u00fcr l\u00e4ngere Zeit zum letzten Mal, denn durch mehrere Einberufungen zum Milit\u00e4rdienst entstand im Verein eine Krise. In den folgenden Jahren trat der Musikverein bei \u00f6ffentlichen Anl\u00e4ssen nicht mehr in Erscheinung.<\/p>\n<p align=\"left\"><b>1925<\/b><br \/>\nErst im Herbst 1925 fanden sich musikbegeisterte M\u00e4nner zur Wiedergr\u00fcndung des Vereins zusammen. \u00c4u\u00dferer Anlass hierzu war die Einweihung der neu erbauten Kirche in Strittmatt. Dem Verein traten damals 46 M\u00e4nner und Burschen bei. Zum Festanzug geh\u00f6rte Frack und Zylinder. An Weihnachten 1925 spielte die Kapelle bereits wieder im Gottesdienst. Im Verlauf der folgenden Jahre war der Musikverein bei s\u00e4mtlichen \u00f6rtlichen Festlichkeiten nicht mehr wegzudenken. Geselligkeit und Frohsinn zeichnen die vielen Eintr\u00e4ge der Vereinschronik aus. So unternahm der Verein schon damals gemeinsame Ausfl\u00fcge, veranstaltete Tanzbelustigungen und Theaterabende.<\/p>\n<p align=\"left\"><b>1945<\/b><br \/>\nDer 2. Weltkrieg hatte dem Verein stark zugesetzt, denn es gab viele Verluste unter den Musikern zu beklagen. Doch mit einem kleinen H\u00e4uflein aus Krieg und Gefangenschaft Zur\u00fcckgekehrten konnte 1945 an Weihnachten bereits wieder ein Musikst\u00fcck in der Kirche zu Geh\u00f6r gebracht werden. Nun war es nat\u00fcrlich wichtig den Nachwuchs zu schulen. Daf\u00fcr setzte sich Josef Schmidt besonders ein.<\/p>\n<p align=\"left\"><b>1953<\/b><br \/>\nIm Sommer diesen Jahres wurden die 21 Musiker mit einer neuen, einheitlichen Uniform zum Preis von je 108 DM ausgestattet. Die neue Kleidung wurde erstmals zur Umrahmung des Fronleichnamsfestes getragen.<\/p>\n<p align=\"left\"><b>1958<\/b><br \/>\nDas Bezirksmusikfest wurde in Strittmatt abgehalten. Dabei ergab sich die Freundschaft zwischen den Strittmatter Musikanten und der Trachtenkapelle Peiting aus Bayern.<\/p>\n<h6 align=\"left\"><img loading=\"lazy\" decoding=\"async\" src=\"https:\/\/trachtenkapelle-strittmatt.de\/images\/history\/TKS-1958-k.jpg\" width=\"528\" height=\"394\" \/><\/h6>\n<p align=\"left\"><em>Der Musikverein Strittmatt 1958<\/em><br \/>\n<em> 1. Reihe von links: Josef Ebner, Fridolin Sch\u00e4uble, Theodor Eckert, Heinrich Birkler, Gustav Stoll<\/em><br \/>\n<em> 2. Reihe von links: Rolf Schneider, Walter Matt, Karl Eckert, Eugen Eckert, Herbert Ebner, Erwin Sutter, Josef Eckert<\/em><br \/>\n<em> 3. Reihe von links: Wilhelm Stoll, Paul Matt, Heinrich Kaiser, Helmut Wasmer<\/em><\/p>\n<p align=\"left\"><b>1965<\/b><br \/>\nDa die alten Uniformen unansehnlich geworden waren und nicht mehr passten, beschloss man die Beschaffung einer neuen Einheitskleidung. Dies sollte eine zweckm\u00e4\u00dfige Schwarzw\u00e4ldertracht sein, bestehend aus einer schwarzen Hose, einer roten Weste und einem runden Schwarzw\u00e4lderhut. Beim Trachtenfest 1965 wurde die neue Tracht vorgestellt.<\/p>\n<h6 align=\"left\"><img loading=\"lazy\" decoding=\"async\" src=\"https:\/\/trachtenkapelle-strittmatt.de\/images\/history\/TKS-1965-k.jpg\" width=\"528\" height=\"350\" \/><\/h6>\n<p align=\"left\"><em>Von links: Fridolin Sch\u00e4uble, Theodor Eckert, Gustav Stoll, Adolf Eckert, Heinrich Kaiser, Dirigent Werner Stoll, Heinrich Birkler, Helmut Wasmer, Kurt Wasmer, Paul Matt, Wilhelm Stoll, Josef Ebner, Walter Matt, Karl Eckert, Rolf Schneider Trachtenkinder von links: G\u00fcnter Ebner, Franz Schneider, Irmtraud Matt, Walburga Birkler<\/em><\/p>\n<p align=\"left\"><b>1966<\/b><br \/>\nAuf der Hauptversammlung wurde die Namens\u00e4nderung in \u201eTrachtenkapelle Strittmatt\u201c beschlossen. Im selben Jahr erhielt die Kapelle ein eigenes Vereins- und Probelokal im neu erbauten Mehrzweckhaus in Strittmatt. Zu dieser Zeit befanden sich unter den Jungbl\u00e4sern erstmals auch M\u00e4dchen.<\/p>\n<p align=\"left\"><b>1970<\/b><br \/>\nMit der Darbietung von Theaterst\u00fccken beim Weihnachtskonzert im Gasthaus Hirschen lebt ein alter Brauch des Vereins wieder auf.<\/p>\n<p align=\"left\"><img loading=\"lazy\" decoding=\"async\" src=\"https:\/\/trachtenkapelle-strittmatt.de\/images\/history\/TKS-1970-k.jpg\" width=\"528\" height=\"285\" \/><\/p>\n<p align=\"left\"><b>1983<\/b><br \/>\nIn den Tagen vom 29. Juli bis zum 01. August feierte die Trachtenkapelle Strittmatt ihr 125-j\u00e4hriges Bestehen verbunden mit dem Bezirksmusikfest. Hierzu wurde im \u201eAlgi\u201c ein gro\u00dfes Festzelt errichtet. Damals z\u00e4hlte die Kapelle 26 aktive Musiker und 10 Jungbl\u00e4ser in der Ausbildung.<\/p>\n<p align=\"left\"><b>1984<\/b><br \/>\nIn diesem Jahr hat der Verein 34 aktive Mitglieder, die im Orchester folgende Instrumente spielten: 5 Trompeten, 5 Tenorh\u00f6rner, 6 Fl\u00fcgelh\u00f6rner, 2 Baritone, 2 B\u00e4sse, 3 Posaunen, 6 Klarinetten, 1 Es- Horn, 2 Saxophone und 2 Schlagzeuge. Im September traf sich die TKS zu Video- und Kassettenaufnahmen. Dabei spielten sie vor verschiedenen Hintergr\u00fcnden der drei Orte Engelschwand, Strittmatt und Segeten. Insgesamt hatte der Verein in diesem Jahr 33 \u00f6ffentliche Auftritte, auf die er sich in 44 Proben vorbereitete.<\/p>\n<p align=\"left\"><b>1985<\/b><br \/>\nAm 24. Dezember erleben die Musiker etwas bisher Einmaliges. Als die zum Abschluss der Christmette das St\u00fcck \u201eWei\u00dfe Weihnacht\u201c spielten, erhielten sie einen herzlichen Applaus. In der Vereinschronik wurde stolz vermerkt: \u201e\u2026 das hat es bis dahin in der Strittmatter Kirche noch nie gegeben.\u201c<\/p>\n<p align=\"left\"><b>1987<\/b><br \/>\nHelmut Wasmer wurde zum Ehrenvorstand der Trachtenkapelle ernannt. Dies ist bis heute einmalig in der Geschichte des Vereins. Ebenfalls bemerkenswert ist, dass in diesem Jahr bei den insgesamt 61 Proben eine Beteiligung von 89 % verzeichnet werden konnte. Zum Jahreswechsel z\u00e4hlte der Verein 40 aktive Musiker und 15 Jungbl\u00e4ser.<\/p>\n<p align=\"left\"><b>1988<\/b><br \/>\n\u00dcber das Wochenende vom 12. bis zum 15. August feierte die Trachtenkapelle Strittmatt ihr 130-j\u00e4hriges Bestehen im reichdekorierten Festezelt. Fr\u00e4ulein Josefine Schwemmer hatte mit vielen flei\u00dfigen Strittmatter Frauen hierzu \u00fcber 5000 Rosen angefertigt.<\/p>\n<p align=\"left\"><b>1990<\/b><br \/>\nBeim Sommerfest (25. bis 29. August) gab der Verein erstmals ein Wunschkonzert, dessen Spitzenreiter die Polka \u201eIn der Weinschenke\u201c war.<\/p>\n<p align=\"left\"><img loading=\"lazy\" decoding=\"async\" src=\"https:\/\/trachtenkapelle-strittmatt.de\/images\/history\/TKS-1991-k.jpg\" width=\"528\" height=\"334\" \/><\/p>\n<p align=\"left\"><b>1991<\/b><br \/>\nIn diesem Jahr wirkte die TKS an einem Gemeinschaftskonzert in G\u00f6rwihl mit. Die anderen teilnehmenden Vereine waren der S\u00e4ngerbund G\u00f6rwihl, M\u00e4nnergesangsverein Rotzingen und der M\u00e4nnerchor Harpolingen. Unter der Leitung von Werner Stoll gab die Trachtenkapelle ein gelungenes Kirchenkonzert mit betr\u00e4chtlichem Leistungsniveau zum Besten. Die Trachtenkapelle bestand damals aus 42 aktiven Musiker in folgender Besetzung: 5 Trompeten, 6 Fl\u00fcgelh\u00f6rner, 4 Tenorh\u00f6rner, 4 Es- H\u00f6rner, 2 B\u00e4sse, 4 Saxophone, 1 Schlagzeug, 1 gro\u00dfe Trommel, 3 Querfl\u00f6ten, 7 Klarinetten und 5 Posaunen.<\/p>\n<p align=\"left\"><b>1993<\/b><br \/>\nDie Trachtenkapelle Strittmatt gab am 3. April 1993 zum ersten Mal ihr Jahreskonzert in der Hotzenwaldhalle in G\u00f6rwihl. Mit einem abwechslungsreichen Programm begeisterten sie die rund 300 Besucher. An diesem Abend trugen die Strittmatter Musikanten erstmalig ihr Dorfwappen als gesticktes Emblem auf der Tracht. Das bedeutendste Ereignis in diesem Jahr, war das im August gefeierte Jubil\u00e4um \u201e135 Jahre Trachtenkapelle Strittmatt e.V.\u201c verbunden mit dem Bezirksmusikfest. Gefeiert wurde bei bestem Festwetter im gro\u00dfen Zelt im \u201eAlgi\u201c. Im Festjahr z\u00e4hlte die TKS 43 aktive Mitglieder. 4 Querfl\u00f6ten, 10 Klarinetten, 4 Saxophone, 4 Fl\u00fcgelh\u00f6rner, 5 Trompeten, 3 Es- H\u00f6rner, 4 Tenorh\u00f6rner\/Bariton, 5 Posaunen, 2 B\u00e4sse, 1 Schlagzeug und 1 gr. Trommel.<\/p>\n<p align=\"left\"><img loading=\"lazy\" decoding=\"async\" src=\"https:\/\/trachtenkapelle-strittmatt.de\/images\/history\/TKS-1993-k.jpg\" width=\"528\" height=\"350\" \/><\/p>\n<p align=\"left\"><b>1994<\/b><br \/>\nDas Fr\u00fchjahrskonzert fand am 26. M\u00e4rz erstmals im neuen B\u00fcrgersaal im Obergeschoss des Kindergartens in Strittmatt statt. Dabei gab Werner Stoll den Dirigentenstab an Markus Schlegel weiter.<\/p>\n<p align=\"left\"><img loading=\"lazy\" decoding=\"async\" src=\"https:\/\/trachtenkapelle-strittmatt.de\/images\/history\/TKS-1994-Diri-k.jpg\" width=\"290\" height=\"373\" \/><\/p>\n<p align=\"left\"><b>1995<\/b><br \/>\nInfolge des Raummangels war der Verein vor einiger Zeit vom Theaterspielen abgekommen. Doch der neue B\u00fcrgersaal bot f\u00fcr solche Vorhaben ungeahnte M\u00f6glichkeiten. So nahm die TKS im Januar die alte Tradition wieder auf und brachte unter der Regie von G\u00fcnther Weber ein Theaterst\u00fcck auf die B\u00fchne. Im Dezember folgte schon das n\u00e4chste.<\/p>\n<p align=\"left\"><b>1997<\/b><br \/>\nIn diesem Jahr unternahm die TKS bei ihrem Jahreskonzert am 19. April einen Ausflug durch die fast 140-j\u00e4hrige Vereinsgeschichte. Hierbei setzte sie einige markante Meilensteine in der Geschichte gekonnt in Szene. So beispielsweise das famili\u00e4re Zusammenspiel erster Musikanten, Auftritte in Frack und Zylinder, bis hin zur heutigen Besetzung.<\/p>\n<p align=\"left\"><b>1998<\/b><br \/>\nDie TKS feierte in der Zeit vom 27. bis zum 29. Juni ihr 140-j\u00e4hriges Bestehen mit einem gro\u00dfen Zeltfest. Damals z\u00e4hlt der Verein 41 aktive Musiker, im Durchschnittsalter von 25 Jahren.<\/p>\n<p align=\"left\"><b>1999<\/b><br \/>\nDa der Bestand alter Schwarzw\u00e4ldertrachten nicht mehr f\u00fcr die steigende Mitgliederzahl ausreichte, beschloss der Verein die Anschaffung einer neuen Tracht. Die neue Tracht ist der Alten sehr \u00e4hnlich, sie besteht ebenfalls aus einer schwarzen Hose\/Rock und einer roten Weste. Zus\u00e4tzlich erhielten die Musiker Trachtenhemden und Blusen. Die Frauen einigten sich auf einheitliche Schuhe und der Hut wurde f\u00fcr die Musikantinnen abgeschafft. Am Jahreskonzert am 27. M\u00e4rz trugen sie zum ersten Mal ihre neue Kleidung.<\/p>\n<p align=\"left\"><b>2001<\/b><br \/>\nIn diesem Jahr erstellten die Mitglieder der TKS in Zusammenarbeit mit der Gemeinde G\u00f6rwihl ein ger\u00e4umiges Ger\u00e4tehaus am k\u00fcnftigen Festplatz am Waldrand beim \u201eBolzplatz\u201c in Strittmatt.<\/p>\n<p align=\"left\"><b>2003<\/b><br \/>\n\u00dcber das Wochenende vom 13. bis 16. Juni richtete die TKS anl\u00e4sslich ihres 145-j\u00e4hrigen Bestehens ein Fest aus, das mit dem Bezirksmusikfest verbunden war. Dieses Zeltfest wurde erstmals auf dem neuen Festplatz beim \u201eBolzplatz\u201c in Strittmatt gefeiert. Im Jubil\u00e4umsjahr z\u00e4hlte der Verein 51 aktive Musiker und 7 Z\u00f6glinge in der Ausbildung.<\/p>\n<p align=\"left\"><img loading=\"lazy\" decoding=\"async\" src=\"https:\/\/trachtenkapelle-strittmatt.de\/images\/history\/TKS-2003-k.jpg\" width=\"528\" height=\"355\" \/><\/p>\n<p align=\"left\"><b>2004<\/b><br \/>\nDer Verein erh\u00e4lt von Ehrenvorstand Helmut Wasmer eine in m\u00fchevoller Arbeit selbst zusammengestellte historische Chronik. In neun B\u00e4nden beschreibt sie die Geschichte der TKS.<\/p>\n<p align=\"left\"><img loading=\"lazy\" decoding=\"async\" src=\"https:\/\/trachtenkapelle-strittmatt.de\/images\/history\/TKS-cronik-k.jpg\" width=\"528\" height=\"244\" \/><\/p>\n<p align=\"left\"><b>2007<\/b><br \/>\nDie TKS wird erstmals von einer Frau dirigiert. Die erst 21 j\u00e4hrige Sabrina Siebold aus Oberwihl hat in diesem Jahr mit dem Verein ein abwechslungsreiches Jahreskonzert vorbereitet.<\/p>\n<p align=\"left\"><b>2008<\/b><\/p>\n<p align=\"left\">Im Jubil\u00e4umsjahr z\u00e4hlt die Trachtenkapelle 46 aktive Mitglieder. Kontinuierlich arbeitet der Verein an der qualitativen Verbesserung seiner Musik. So sind in den letzten Jahren auch einige neue Instrumente wie Pauke und Oboe hinzugekommen. Die Kapelle ist eine junge, motivierte Truppe.<\/p>\n<p align=\"left\"><img loading=\"lazy\" decoding=\"async\" src=\"https:\/\/trachtenkapelle-strittmatt.de\/images\/history\/TKS-2008-k.jpg\" width=\"528\" height=\"396\" \/><\/p>\n<p align=\"left\">Bei der Jahreshauptversammlung haben die Mitglieder der Trachtenkapelle Strittmatt beschlossen, anl\u00e4sslich des 150-j\u00e4hrigen Bestehens des Vereins eine Vereinsfahne anfertigen zu lassen.<\/p>\n<p align=\"left\"><img loading=\"lazy\" decoding=\"async\" src=\"https:\/\/trachtenkapelle-strittmatt.de\/images\/fahne-k.jpg\" width=\"528\" height=\"517\" \/><\/p>\n<p align=\"left\">Die Fahne wurde weitestgehend aus Spenden finanziert. An dieser Stelle allen Spendern ein herzliches Dankesch\u00f6n. Nur durch sie wurde es uns erm\u00f6glicht, eine handgearbeitete Vereinsfahne aus hochwertigem Stoff und mit kunstvollen Stickereien anfertigen zu lassen.<\/p>\n<p align=\"left\">Die Weihe der neuen Fahne war ein kleines Ritual und fand am 31. August 2008 w\u00e4hrend des Zeltgottesdienstes statt. Vor dem Festgottesdienst wurde das Tuch an der Stange befestigt (\u201eNagelung\u201c). Danach stand die Fahne w\u00e4hrend des Gottesdienstes am Altar. W\u00e4hrend der Wandlung und beim Segen wurde sie als Zeichen der Verbundenheit zwischen Verein und Kirche zu den Vereinsaktiven hin gesenkt. Anschlie\u00dfend erfolgte die \u00dcbergabe an den eigens ausgew\u00e4hlten F\u00e4hnrich, der nun die Verantwortung f\u00fcr die Fahne tr\u00e4gt. F\u00fcr diese Aufgabe konnte die Trachtenkapelle Berthold Schmidt Ehrenmitglied der TKS gewinnen.<\/p>\n<p align=\"left\">In Zukunft wird die Vereinsfahne zu festlichen Anl\u00e4ssen wie z.B. M\u00e4rschen, Prozessionen usw. als Vereinserkennung mitgef\u00fchrt. Die Fahne soll \u00e4hnlich wie die einheitliche Tracht die gemeinsame Herkunft und die Zusammengeh\u00f6rigkeit nach au\u00dfen hin zeigen.<\/p>\n<p><strong>2009<\/strong><\/p>\n<p>Im Jahr 2009 gab es wieder ein Kirchenkonzert, welches in der\u00a0 Strittmatter Kirche aufgef\u00fchrt wurde und gro\u00dfen Anklang fand.<\/p>\n<p><strong>2010<\/strong><\/p>\n<p>Im Jahr 2010 gab es gleich mehrere H\u00f6hepunkte. Es wurde wieder ein Theater aufgef\u00fchrt mit dem Titel \u201eTante Jutta aus Kalkutta\u201c, bei der Musikerolympiade in Buch belegte die TKS den ersten Platz. Au\u00dferdem wurde am 25. Juli 2010 unser neues Probelokal in Segeten eingeweiht mit einem gro\u00dfen Festakt.<\/p>\n<p><strong>2012<\/strong><\/p>\n<p>Im Jahr 2012 fand vom 2.- 4- Juni das \u201eWaldrandfest\u201c statt. Bei dem von uns organisierten Fest wurde an 3 Tagen unterschiedliche musikalische Unterhaltung geboten.<\/p>\n<p><strong>2013<\/strong><\/p>\n<p>In diesem Jahr spielten wir in der Pfarrkirche in Strittmatt ein Kirchenkonzert unter der Leitung von 2 Dirigenten, damit wurde auch gleichzeitig unser 155j\u00e4hriges Bestehen gefeiert. Au\u00dferdem fand vom 20. Juli bis zum 21. Juli ein Ausflug nach Pforzheim statt. Neben dem Jahreskonzert umrahmten die aktiven und passiven Ehrenmitglieder anl\u00e4sslich der Stiftung ihres neuen Fahnenbandes einen Gottesdienst, bei welchem das Fahnenband geweiht wurde.<\/p>\n<p><strong>2015<\/strong><\/p>\n<p>Nach l\u00e4ngerer Theaterpause fand am 9. Und 10. Mai die Auff\u00fchrung des St\u00fcckes \u201eK\u00fcsse f\u00fcr die Tanten\u201c statt. Au\u00dferdem f\u00fchrten wir als Abwandlung des gro\u00dfen Waldrandfestes ein kleineres \u201eB\u00fcrgersaalfest\u201c durch. Die Jugend der Trachtenkapelle machte vom 8. Bis 9. September einen Ausflug in dem Europa-Park Rust.<\/p>\n<p><strong>2016<\/strong><\/p>\n<p>In diesem Jahr f\u00fchrten wir unseren ersten \u201eSommernachtshock\u201c durch, welcher mit einer eigenen Burger Kreation die Besucher \u00fcberraschte.<\/p>\n<p><strong>2017<\/strong><\/p>\n<p>Aufgrund einer besonders guten Resonanz gab es eine Wiederholung des \u201eSommernachtshocks\u201c. Auch das diesj\u00e4hrige Jahreskonzert soll zum H\u00f6hepunkt werden durch die Kooperation mit einer Tanzschule, dieses wird am 18. November stattfinden.<\/p>\n<p><img loading=\"lazy\" decoding=\"async\" class=\"alignnone wp-image-167\" src=\"https:\/\/trachtenkapelle-strittmatt.de\/WordPress_03\/wp-content\/uploads\/2017\/06\/DSC_0025-300x199.jpg\" alt=\"\" width=\"680\" height=\"451\" srcset=\"https:\/\/trachtenkapelle-strittmatt.de\/WordPress_03\/wp-content\/uploads\/2017\/06\/DSC_0025-300x199.jpg 300w, https:\/\/trachtenkapelle-strittmatt.de\/WordPress_03\/wp-content\/uploads\/2017\/06\/DSC_0025-768x511.jpg 768w, https:\/\/trachtenkapelle-strittmatt.de\/WordPress_03\/wp-content\/uploads\/2017\/06\/DSC_0025-1024x681.jpg 1024w\" sizes=\"auto, (max-width: 680px) 100vw, 680px\" \/><\/td>\n<\/tr>\n<tr>\n<td height=\"11\"><\/td>\n<\/tr>\n<\/tbody>\n<\/table>\n","protected":false},"excerpt":{"rendered":"<p>Musik und Gesang hatten in Strittmatt stets eine gute Heimat. In einem in Freiburg aufbewahrten Aktenst\u00fcck aus dem 19. Jahrhundert steht der Vermerk: \u201eIm Orte Strittmatt sind die Leute au\u00dfergew\u00f6hnlich begabt in musikalischer Hinsicht.\u201c Dies sind gute Voraussetzungen zur Gr\u00fcndung eines Vereins. So ist es kaum verwunderlich, dass sich in Strittmatt schon fr\u00fch Musikanten zusammenschlossen [&hellip;]<\/p>\n","protected":false},"author":1,"featured_media":0,"parent":0,"menu_order":0,"comment_status":"closed","ping_status":"closed","template":"","meta":{"_acf_changed":false,"footnotes":""},"class_list":["post-24","page","type-page","status-publish","hentry"],"acf":[],"_links":{"self":[{"href":"https:\/\/trachtenkapelle-strittmatt.de\/WordPress_03\/wp-json\/wp\/v2\/pages\/24","targetHints":{"allow":["GET"]}}],"collection":[{"href":"https:\/\/trachtenkapelle-strittmatt.de\/WordPress_03\/wp-json\/wp\/v2\/pages"}],"about":[{"href":"https:\/\/trachtenkapelle-strittmatt.de\/WordPress_03\/wp-json\/wp\/v2\/types\/page"}],"author":[{"embeddable":true,"href":"https:\/\/trachtenkapelle-strittmatt.de\/WordPress_03\/wp-json\/wp\/v2\/users\/1"}],"replies":[{"embeddable":true,"href":"https:\/\/trachtenkapelle-strittmatt.de\/WordPress_03\/wp-json\/wp\/v2\/comments?post=24"}],"version-history":[{"count":9,"href":"https:\/\/trachtenkapelle-strittmatt.de\/WordPress_03\/wp-json\/wp\/v2\/pages\/24\/revisions"}],"predecessor-version":[{"id":280,"href":"https:\/\/trachtenkapelle-strittmatt.de\/WordPress_03\/wp-json\/wp\/v2\/pages\/24\/revisions\/280"}],"wp:attachment":[{"href":"https:\/\/trachtenkapelle-strittmatt.de\/WordPress_03\/wp-json\/wp\/v2\/media?parent=24"}],"curies":[{"name":"wp","href":"https:\/\/api.w.org\/{rel}","templated":true}]}}